{"id":82,"date":"2022-11-22T17:35:24","date_gmt":"2022-11-22T15:35:24","guid":{"rendered":"http:\/\/test.extra-consulting.net\/?page_id=82"},"modified":"2025-07-30T13:45:19","modified_gmt":"2025-07-30T10:45:19","slug":"past-projects","status":"publish","type":"page","link":"https:\/\/extra-consulting.net\/uk\/consulting\/past-projects\/","title":{"rendered":"\u0412\u0438\u043a\u043e\u043d\u0430\u043d\u0456 \u043f\u0440\u043e\u0454\u043a\u0442\u0438"},"content":{"rendered":"<figure class=\"wp-block-table is-style-stripes\" style=\"font-size:15px\"><table class=\"has-black-color has-very-light-gray-to-cyan-bluish-gray-gradient-background has-text-color has-background\"><tbody><tr><td class=\"has-text-align-center\" data-align=\"center\">2025<\/td><td class=\"has-text-align-left\" data-align=\"left\">\u041f\u0440\u043e\u0454\u043a\u0442 \u0437&nbsp;<strong>\u0412\u0430\u043b\u0456\u0434\u0430\u0446\u0456\u0457 \u0440\u0435\u0439\u0442\u0438\u043d\u0433\u043e\u0432\u043e\u0457 \u043c\u043e\u0434\u0435\u043b\u0456 \u0434\u043b\u044f \u043c\u0430\u043b\u0438\u0445 \u043a\u043e\u043c\u043f\u0430\u043d\u0456\u0439&nbsp;<\/strong>\u0434\u043b\u044f \u0423\u043a\u0440\u0433\u0430\u0437\u0431\u0430\u043d\u043a\u0430<\/td><td class=\"has-text-align-center\" data-align=\"center\">\u0423\u043a\u0440\u0430\u0457\u043d\u0430<\/td><\/tr><tr><td class=\"has-text-align-center\" data-align=\"center\">2025<\/td><td class=\"has-text-align-left\" data-align=\"left\">\u041f\u0440\u043e\u0454\u043a\u0442 \u0437 <strong>\u041f\u0456\u0434\u0442\u0440\u0438\u043c\u043a\u0438 \u0441\u043a\u043e\u0440\u0438\u043d\u0433\u043e\u0432\u043e\u0457 \u043c\u043e\u0434\u0435\u043b\u0456 \u0434\u043b\u044f \u0440\u043e\u0437\u0434\u0440\u0456\u0431\u043d\u043e\u0433\u043e \u0441\u0435\u0433\u043c\u0435\u043d\u0442\u0430<\/strong> \u0434\u043b\u044f \u0411\u0430\u043d\u043a\u0430 \u0415\u0441\u0445\u0430\u0442\u0430<\/td><td class=\"has-text-align-center\" data-align=\"center\">\u0422\u0430\u0434\u0436\u0438\u043a\u0456\u0441\u0442\u0430\u043d<\/td><\/tr><tr><td class=\"has-text-align-center\" data-align=\"center\">2024<\/td><td class=\"has-text-align-left\" data-align=\"left\">\u041f\u0440\u043e\u0454\u043a\u0442 \u0437 <strong>\u0432\u0430\u043b\u0456\u0434\u0430\u0446\u0456\u0457 \u0442\u0430 \u043a\u0430\u043b\u0456\u0431\u0440\u0443\u0432\u0430\u043d\u043d\u044f \u0440\u0435\u0439\u0442\u0438\u043d\u0433\u043e\u0432\u043e\u0457 \u043c\u043e\u0434\u0435\u043b\u0456 \u0434\u043b\u044f \u043a\u043e\u0440\u043f\u043e\u0440\u0430\u0442\u0438\u0432\u043d\u0438\u0445 \u0456 \u0441\u0435\u0440\u0435\u0434\u043d\u0456\u0445 \u043a\u043e\u043c\u043f\u0430\u043d\u0456\u0439 <\/strong>\u0434\u043b\u044f \u0423\u043a\u0440\u0433\u0430\u0437\u0431\u0430\u043d\u043a\u0430 <\/td><td class=\"has-text-align-center\" data-align=\"center\">\u0423\u043a\u0440\u0430\u0457\u043d\u0430<\/td><\/tr><tr><td class=\"has-text-align-center\" data-align=\"center\">2024<\/td><td class=\"has-text-align-left\" data-align=\"left\">\u041f\u0440\u043e\u0454\u043a\u0442 \u0437 <strong>\u0420\u043e\u0437\u0440\u043e\u0431\u043a\u0438 \u0441\u043a\u043e\u0440\u0438\u043d\u0433\u043e\u0432\u043e\u0457 \u043c\u043e\u0434\u0435\u043b\u0456 \u0434\u043b\u044f \u0456\u043f\u043e\u0442\u0435\u043a\u0438<\/strong> \u0434\u043b\u044f \u0420\u0430\u0434\u0430\u0431\u0430\u043d\u043a\u0430<\/td><td class=\"has-text-align-center\" data-align=\"center\">\u0423\u043a\u0440\u0430\u0457\u043d\u0430<\/td><\/tr><tr><td class=\"has-text-align-center\" data-align=\"center\">2023<\/td><td class=\"has-text-align-left\" data-align=\"left\">\u041f\u0440\u043e\u0454\u043a\u0442 \u0437 <strong>\u0440\u043e\u0437\u0440\u043e\u0431\u043a\u0438 \u0441\u043a\u043e\u0440\u0438\u043d\u0433\u043e\u0432\u043e\u0457 \u043c\u043e\u0434\u0435\u043b\u0456 \u0434\u043b\u044f \u043c\u0456\u043a\u0440\u043e\u0431\u0456\u0437\u043d\u0435\u0441\u0443 \u0442\u0430 \u0432\u0430\u043b\u0456\u0434\u0430\u0446\u0456\u044f \u0442\u0430 \u043e\u043d\u043e\u0432\u043b\u0435\u043d\u043d\u044f \u0441\u043a\u043e\u0440\u0438\u043d\u0433\u043e\u0432\u043e\u0457 \u043c\u043e\u0434\u0435\u043b\u0456 \u0434\u043b\u044f \u043f\u0440\u0438\u0432\u0430\u0442\u043d\u0438\u0445 \u043e\u0441\u0456\u0431<\/strong> \u0434\u043b\u044f \u0411\u0430\u043d\u043a\u0430 \u0415\u0441\u0445\u0430\u0442\u0430 <\/td><td class=\"has-text-align-center\" data-align=\"center\">\u0422\u0430\u0434\u0436\u0438\u043a\u0456\u0441\u0442\u0430\u043d<\/td><\/tr><tr><td class=\"has-text-align-center\" data-align=\"center\">2023<\/td><td class=\"has-text-align-left\" data-align=\"left\">\u041f\u0440\u043e\u0454\u043a\u0442 \u0437<strong> \u0432\u0430\u043b\u0456\u0434\u0430\u0446\u0456\u0457 \u0442\u0430 \u043e\u043d\u043e\u0432\u043b\u0435\u043d\u043d\u044f \u0441\u043a\u043e\u0440\u0438\u043d\u0433\u043e\u0432\u043e\u0457 \u043c\u043e\u0434\u0435\u043b\u0456<\/strong> \u0432 \u0420\u0430\u0434\u0430\u0431\u0430\u043d\u043a\u0443<\/td><td class=\"has-text-align-center\" data-align=\"center\">\u0423\u043a\u0440\u0430\u0457\u043d\u0430<\/td><\/tr><tr><td class=\"has-text-align-center\" data-align=\"center\">2022<\/td><td class=\"has-text-align-left\" data-align=\"left\">\u041f\u0440\u043e\u0454\u043a\u0442 \u0404\u0411\u0420\u0420<strong> \u0449\u043e\u0434\u043e \u0441\u0435\u0440\u0456\u0457 \u043e\u043d\u043b\u0430\u0439\u043d-\u043a\u043e\u043d\u0444\u0435\u0440\u0435\u043d\u0446\u0456\u0439 \u0434\u043b\u044f \u0431\u0430\u043d\u043a\u0456\u0432\u0441\u044c\u043a\u043e\u0433\u043e \u0441\u0435\u043a\u0442\u043e\u0440\u0443 \u0423\u043a\u0440\u0430\u0457\u043d\u0438 \u043f\u0456\u0434 \u0447\u0430\u0441 \u0432\u0456\u0439\u043d\u0438.<\/strong> Seven online conferences were organized during April-November 2022.<\/td><td class=\"has-text-align-center\" data-align=\"center\">\u0423\u043a\u0440\u0430\u0457\u043d\u0430<\/td><\/tr><tr><td class=\"has-text-align-center\" data-align=\"center\">2021<\/td><td class=\"has-text-align-left\" data-align=\"left\">\u041f\u0440\u043e\u0454\u043a\u0442 \u0437<strong> \u0440\u043e\u0437\u0440\u043e\u0431\u043a\u0438 \u0442\u0430 \u0432\u043f\u0440\u043e\u0432\u0430\u0434\u0436\u0435\u043d\u043d\u044f \u043a\u0440\u0435\u0434\u0438\u0442\u043d\u043e\u0433\u043e \u043f\u0440\u043e\u0446\u0435\u0441\u0443, \u043a\u0440\u0435\u0434\u0438\u0442\u043d\u0438\u0445 \u043f\u0440\u0430\u0432\u0438\u043b, \u043c\u043e\u0434\u0435\u043b\u0456 \u043e\u0446\u0456\u043d\u043a\u0438 \u0437\u0430\u044f\u0432\u043e\u043a \u0442\u0430 MIS<\/strong> \u0432 \u0420\u0430\u0434\u0430\u0431\u0430\u043d\u043a\u0443<\/td><td class=\"has-text-align-center\" data-align=\"center\">\u0423\u043a\u0440\u0430\u0457\u043d\u0430<\/td><\/tr><tr><td class=\"has-text-align-center\" data-align=\"center\">2018<\/td><td class=\"has-text-align-left translation-block\" data-align=\"left\">\u041f\u0440\u043e\u0454\u043a\u0442 \u0421\u0432\u0456\u0442\u043e\u0432\u043e\u0433\u043e \u0431\u0430\u043d\u043a\u0443 \u0437 <strong>\u043e\u0446\u0456\u043d\u043a\u0438 \u0442\u0435\u043d\u0434\u0435\u0440\u043d\u0438\u0445 \u043f\u0440\u043e\u043f\u043e\u0437\u0438\u0446\u0456\u0439 \u0442\u0430 \u043f\u0435\u0440\u0435\u0433\u043e\u0432\u043e\u0440\u0456\u0432 \u0449\u043e\u0434\u043e \u0443\u043a\u043b\u0430\u0434\u0435\u043d\u043d\u044f \u043a\u043e\u043d\u0442\u0440\u0430\u043a\u0442\u0443<\/strong> \u043d\u0430 \u0437\u0430\u043a\u0443\u043f\u0456\u0432\u043b\u044e \u043d\u043e\u0432\u043e\u0457 \u0406\u0422-\u0441\u0438\u0441\u0442\u0435\u043c\u0438 \u0437 \u043d\u0430\u0434\u0430\u043d\u043d\u044f \u0444\u0456\u043d\u0430\u043d\u0441\u043e\u0432\u0438\u0445 \u043f\u043e\u0441\u043b\u0443\u0433 \u0434\u043b\u044f \u041a\u0438\u0440\u0433\u0438\u0437\u044c\u043a\u043e\u0457 \u041f\u043e\u0448\u0442\u0438<\/td><td class=\"has-text-align-center\" data-align=\"center\">\u041a\u0438\u0440\u0433\u0438\u0437\u044c\u043a\u0430 \u0420\u0435\u0441\u043f\u0443\u0431\u043b\u0456\u043a\u0430<\/td><\/tr><tr><td class=\"has-text-align-center\" data-align=\"center\">2017<\/td><td class=\"has-text-align-left translation-block\" data-align=\"left\"><strong>\u041e\u0446\u0456\u043d\u043a\u0430 \u043f\u0440\u043e\u0433\u0440\u0430\u043c\u0438 \u0404\u0411\u0420\u0420 \u00ab\u0416\u0456\u043d\u043a\u0430 \u0432 \u0431\u0456\u0437\u043d\u0435\u0441\u0456\u00bb<\/strong> \u0432 \u041c\u043e\u043b\u0434\u043e\u0432\u0456<\/td><td class=\"has-text-align-center\" data-align=\"center\">\u041c\u043e\u043b\u0434\u043e\u0432\u0430<\/td><\/tr><tr><td class=\"has-text-align-center\" data-align=\"center\">2016-2017<\/td><td class=\"has-text-align-left translation-block\" data-align=\"left\"><strong>\u0421\u0435\u0440\u0435\u0434\u043d\u044c\u043e\u0441\u0442\u0440\u043e\u043a\u043e\u0432\u0438\u0439 \u043e\u0446\u0456\u043d\u043a\u0430 \u043f\u0440\u043e\u0433\u0440\u0430\u043c \u0404\u0411\u0420\u0420 \u00ab\u0416\u0456\u043d\u043a\u0438 \u0432 \u0431\u0456\u0437\u043d\u0435\u0441\u0456\u00bb<\/strong> \u0432 \u043a\u0440\u0430\u0457\u043d\u0430\u0445 \u0417\u0430\u0445\u0456\u0434\u043d\u0438\u0445 \u0411\u0430\u043b\u043a\u0430\u043d\u0430\u0445 \u0442\u0430 \u0421\u0445\u0456\u0434\u043d\u043e\u0433\u043e \u043f\u0430\u0440\u0442\u043d\u0435\u0440\u0441\u0442\u0432\u0430<\/td><td class=\"has-text-align-center\" data-align=\"center\">\u041a\u0440\u0430\u0457\u043d\u0438 \u0417\u0430\u0445\u0456\u0434\u043d\u0438\u0445 \u0411\u0430\u043b\u043a\u0430\u043d \u0442\u0430 \u0421\u0445\u0456\u0434\u043d\u043e\u0433\u043e \u043f\u0430\u0440\u0442\u043d\u0435\u0440\u0441\u0442\u0432\u0430<\/td><\/tr><tr><td class=\"has-text-align-center\" data-align=\"center\">2017<\/td><td class=\"has-text-align-left translation-block\" data-align=\"left\">\u041f\u0456\u0434\u0433\u043e\u0442\u043e\u0432\u043a\u0430 <strong>\u0430\u0440\u0445\u0456\u0442\u0435\u043a\u0442\u0443\u0440\u0438 \u0442\u0430 \u0444\u0443\u043d\u043a\u0446\u0456\u043e\u043d\u0430\u043b\u044c\u043d\u0438\u0445 \u0432\u0438\u043c\u043e\u0433 \u0434\u043e \u0456\u043d\u0442\u0435\u0433\u0440\u043e\u0432\u0430\u043d\u043e\u0457 \u0441\u0438\u0441\u0442\u0435\u043c\u0438 \u0443\u043f\u0440\u0430\u0432\u043b\u0456\u043d\u043d\u044f \u0440\u0438\u0437\u0438\u043a\u0430\u043c\u0438<\/strong> \u0434\u043b\u044f VP Bank<\/td><td class=\"has-text-align-center\" data-align=\"center\">\u0412'\u0454\u0442\u043d\u0430\u043c<\/td><\/tr><tr><td class=\"has-text-align-center\" data-align=\"center\">2014-2017<\/td><td class=\"has-text-align-left translation-block\" data-align=\"left\">\u041f\u0440\u043e\u0454\u043a\u0442 \u0421\u0432\u0456\u0442\u043e\u0432\u043e\u0433\u043e \u0431\u0430\u043d\u043a\u0443 \u0434\u043b\u044f \u041d\u0430\u0446\u0456\u043e\u043d\u0430\u043b\u044c\u043d\u043e\u0433\u043e \u0431\u0430\u043d\u043a\u0443 \u041a\u0438\u0440\u0433\u0438\u0437\u044c\u043a\u043e\u0457 \u0420\u0435\u0441\u043f\u0443\u0431\u043b\u0456\u043a\u0438 \u0449\u043e\u0434\u043e <strong>\u0444\u0443\u043d\u043a\u0446\u0456\u043e\u043d\u0430\u043b\u044c\u043d\u0438\u0445 \u0456 \u0442\u0435\u0445\u043d\u0456\u0447\u043d\u0438\u0445 \u0432\u0438\u043c\u043e\u0433 \u0434\u043b\u044f \u043d\u043e\u0432\u043e\u0457 \u0456\u043d\u0444\u043e\u0440\u043c\u0430\u0446\u0456\u0439\u043d\u043e-\u0430\u043d\u0430\u043b\u0456\u0442\u0438\u0447\u043d\u043e\u0457 \u0441\u0438\u0441\u0442\u0435\u043c\u0438<\/strong><\/td><td class=\"has-text-align-center\" data-align=\"center\">\u041a\u0438\u0440\u0433\u0438\u0437\u044c\u043a\u0430 \u0420\u0435\u0441\u043f\u0443\u0431\u043b\u0456\u043a\u0430<\/td><\/tr><tr><td class=\"has-text-align-center\" data-align=\"center\">2015<\/td><td class=\"has-text-align-left translation-block\" data-align=\"left\">\u041f\u0440\u043e\u0435\u043a\u0442 USAID \u0437 <strong>\u043a\u043e\u043d\u0441\u0430\u043b\u0442\u0438\u043d\u0433\u0443, \u0440\u043e\u0437\u0432\u0438\u0442\u043a\u0443 \u0431\u0456\u0437\u043d\u0435\u0441\u0443, \u0444\u0456\u043d\u0430\u043d\u0441\u043e\u0432\u043e\u0457 \u0433\u0440\u0430\u043c\u043e\u0442\u043d\u043e\u0441\u0442\u0456 \u0442\u0430 \u0440\u043e\u0437\u0448\u0438\u0440\u0435\u043d\u043d\u044f \u043c\u043e\u0436\u043b\u0438\u0432\u043e\u0441\u0442\u0435\u0439 \u0436\u0456\u043d\u043e\u043a-\u043f\u0456\u0434\u043f\u0440\u0438\u0454\u043c\u043d\u0438\u0446\u044c \u0442\u0430 \u043c\u0430\u0439\u0431\u0443\u0442\u043d\u0456\u0445 \u043f\u0456\u0434\u043f\u0440\u0438\u0454\u043c\u043d\u0438\u0446\u044c<\/strong><\/td><td class=\"has-text-align-center\" data-align=\"center\">\u0423\u043a\u0440\u0430\u0457\u043d\u0430<\/td><\/tr><tr><td class=\"has-text-align-center\" data-align=\"center\">2014-2015<\/td><td class=\"has-text-align-left\" data-align=\"left\">\u041f\u0440\u043e\u0454\u043a\u0442 \u0437 \u0440\u043e\u0437\u0440\u043e\u0431\u043a\u0438 \u0442\u0430 \u0432\u043f\u0440\u043e\u0432\u0430\u0434\u0436\u0435\u043d\u043d\u044f <strong>\u041a\u0440\u0435\u0434\u0438\u0442\u043d\u043e\u0433\u043e \u043f\u0440\u043e\u0446\u0435\u0441\u0443, \u041a\u0440\u0435\u0434\u0438\u0442\u043d\u0438\u0445 \u043f\u0440\u0430\u0432\u0438\u043b, \u0421\u043a\u043e\u0440\u0438\u043d\u0433\u043e\u0432\u043e\u0457 \u043c\u043e\u0434\u0435\u043b\u0456 \u0442\u0430 MIS <\/strong>\u0432 \u041f\u0456\u0440\u0435\u0443\u0441 \u0431\u0430\u043d\u043a\u0443<\/td><td class=\"has-text-align-center\" data-align=\"center\">\u0423\u043a\u0440\u0430\u0457\u043d\u0430<\/td><\/tr><tr><td class=\"has-text-align-center\" data-align=\"center\">2014<\/td><td class=\"has-text-align-left translation-block\" data-align=\"left\">\u0423\u0447\u0430\u0441\u0442\u044c \u0443 \u043f\u0440\u043e\u0454\u043a\u0442\u0456 <strong>\u0432\u043f\u0440\u043e\u0432\u0430\u0434\u0436\u0435\u043d\u043d\u044f \u0441\u0438\u0441\u0442\u0435\u043c\u0438 SunGard Ambit Focus \u0437 \u0443\u043f\u0440\u0430\u0432\u043b\u0456\u043d\u043d\u044f \u0430\u043a\u0442\u0438\u0432\u0430\u043c\u0438 \u0442\u0430 \u043f\u0430\u0441\u0438\u0432\u0430\u043c\u0438<\/strong>, \u0432\u043a\u043b\u044e\u0447\u0430\u044e\u0447\u0438 \u0440\u0438\u0437\u0438\u043a \u043b\u0456\u043a\u0432\u0456\u0434\u043d\u043e\u0441\u0442\u0456 \u0442\u0430 \u043f\u0440\u043e\u0446\u0435\u043d\u0442\u043d\u0438\u0439 \u0440\u0438\u0437\u0438\u043a, \u0434\u043b\u044f \u0420\u043e\u0441\u0431\u0430\u043d\u043a\u0443 (Soci\u00e9t\u00e9 G\u00e9n\u00e9rale Group)<\/td><td class=\"has-text-align-center\" data-align=\"center\">\u0420\u043e\u0441\u0456\u044f<\/td><\/tr><tr><td class=\"has-text-align-center\" data-align=\"center\">2012-2013<\/td><td class=\"has-text-align-left translation-block\" data-align=\"left\">\u0414\u0438\u0440\u0435\u043a\u0442\u043e\u0440 \u043a\u043e\u043c\u043f\u0430\u043d\u0456\u0457 \u0432\u0437\u044f\u0432 \u0443\u0447\u0430\u0441\u0442\u044c \u0443 \u043f\u0440\u043e\u0454\u043a\u0442\u0456 \u0404\u0421 <strong>\u00ab\u041e\u0446\u0456\u043d\u043a\u0430 \u043c\u0438\u043d\u0443\u043b\u043e\u0433\u043e \u0442\u0430 \u043f\u0456\u0434\u0433\u043e\u0442\u043e\u0432\u043a\u0430 \u043c\u0430\u0439\u0431\u0443\u0442\u043d\u044c\u043e\u0433\u043e \u0441\u043f\u0456\u0432\u0440\u043e\u0431\u0456\u0442\u043d\u0438\u0446\u0442\u0432\u0430, \u0449\u043e \u0444\u0456\u043d\u0430\u043d\u0441\u0443\u0454\u0442\u044c\u0441\u044f \u0404\u0421 \u0443 \u0441\u0444\u0435\u0440\u0456 \u0444\u0456\u043d\u0430\u043d\u0441\u043e\u0432\u0438\u0445 \u043f\u043e\u0441\u043b\u0443\u0433 \u0432 \u0423\u043a\u0440\u0430\u0457\u043d\u0456\u00bb<\/strong> \u0437 \u043f\u0456\u0434\u0433\u043e\u0442\u043e\u0432\u043a\u043e\u044e \u0442\u0435\u0445\u043d\u0456\u0447\u043d\u043e\u0433\u043e \u0437\u0430\u0432\u0434\u0430\u043d\u043d\u044f \u0434\u043b\u044f \u043c\u0430\u0439\u0431\u0443\u0442\u043d\u044c\u043e\u0457 \u0442\u0435\u0445\u043d\u0456\u0447\u043d\u043e\u0457 \u0434\u043e\u043f\u043e\u043c\u043e\u0433\u0438 \u0404\u0421<\/td><td class=\"has-text-align-center\" data-align=\"center\">\u0423\u043a\u0440\u0430\u0457\u043d\u0430<\/td><\/tr><tr><td class=\"has-text-align-center\" data-align=\"center\">2012<\/td><td class=\"has-text-align-left translation-block\" data-align=\"left\">\u041a\u043e\u043c\u043f\u0430\u043d\u0456\u044f \u0443\u0441\u043f\u0456\u0448\u043d\u043e \u043e\u0440\u0433\u0430\u043d\u0456\u0437\u0443\u0432\u0430\u043b\u0430 \u0434\u043b\u044f <strong>\u041f\u0440\u043e\u0433\u0440\u0430\u043c\u0438 \u043a\u0440\u0438\u0437\u043e\u0432\u043e\u0433\u043e \u0440\u0435\u0430\u0433\u0443\u0432\u0430\u043d\u043d\u044f IFC \u2013 \u0404\u0432\u0440\u043e\u043f\u0430 \u0442\u0430 \u0426\u0435\u043d\u0442\u0440\u0430\u043b\u044c\u043d\u0430 \u0410\u0437\u0456\u044f \u0434\u0432\u0430 \u0442\u0440\u0435\u043d\u0456\u043d\u0433\u0438 \u0437 \u0443\u043f\u0440\u0430\u0432\u043b\u0456\u043d\u043d\u044f \u043e\u043f\u0435\u0440\u0430\u0446\u0456\u0439\u043d\u0438\u043c\u0438 \u0440\u0438\u0437\u0438\u043a\u0430\u043c\u0438<\/strong> \u0434\u043b\u044f \u0431\u0430\u043d\u043a\u0456\u0432 \u0423\u043a\u0440\u0430\u0457\u043d\u0438 \u0432 \u041a\u0438\u0454\u0432\u0456 \u0442\u0430 \u041e\u0434\u0435\u0441\u0456<\/td><td class=\"has-text-align-center\" data-align=\"center\">\u0423\u043a\u0440\u0430\u0457\u043d\u0430<\/td><\/tr><tr><td class=\"has-text-align-center\" data-align=\"center\">2011<\/td><td class=\"has-text-align-left translation-block\" data-align=\"left\">\u041f\u0440\u043e\u0454\u043a\u0442 \u041f\u0420\u041e\u041e\u041d <strong>\u043f\u0456\u0434\u0442\u0440\u0438\u043c\u043a\u0438 \u0440\u043e\u0437\u0432\u0438\u0442\u043a\u0443 \u043c\u0456\u043a\u0440\u043e\u0444\u0456\u043d\u0430\u043d\u0441\u0443\u0432\u0430\u043d\u043d\u044f<\/strong><\/td><td class=\"has-text-align-center\" data-align=\"center\">\u0411\u0456\u043b\u043e\u0440\u0443\u0441\u044c<\/td><\/tr><tr><td class=\"has-text-align-center\" data-align=\"center\">2010<\/td><td class=\"has-text-align-left translation-block\" data-align=\"left\">\u041c\u0438 \u043e\u0447\u043e\u043b\u044e\u0432\u0430\u043b\u0438 \u043a\u043e\u043c\u0430\u043d\u0434\u0443 \u043c\u0456\u0436\u043d\u0430\u0440\u043e\u0434\u043d\u0438\u0445 \u0435\u043a\u0441\u043f\u0435\u0440\u0442\u0456\u0432 PKF (\u0412\u0435\u043b\u0438\u043a\u0430 \u0411\u0440\u0438\u0442\u0430\u043d\u0456\u044f) \u0442\u0430 GBRW (\u0412\u0435\u043b\u0438\u043a\u0430 \u0411\u0440\u0438\u0442\u0430\u043d\u0456\u044f) \u0443 \u0444\u0456\u043d\u0430\u043d\u0441\u043e\u0432\u0430\u043d\u043e\u043c\u0443 \u0404\u0411\u0420\u0420 <strong>\u041f\u0440\u043e\u0435\u043a\u0442\u0456 \u0437 \u043f\u043e\u0441\u0438\u043b\u0435\u043d\u043d\u044f \u0443\u043f\u0440\u0430\u0432\u043b\u0456\u043d\u043d\u044f \u0440\u0438\u0437\u0438\u043a\u0430\u043c\u0438<\/strong> \u0434\u043b\u044f \u041c\u0435\u0433\u0430\u0431\u0430\u043d\u043a\u0443, \u043e\u0434\u043d\u043e\u0433\u043e \u0437 \u043b\u0456\u0434\u0435\u0440\u0456\u0432 \u0431\u0430\u043d\u043a\u0456\u0432\u0441\u044c\u043a\u043e\u0433\u043e \u043e\u0431\u0441\u043b\u0443\u0433\u043e\u0432\u0443\u0432\u0430\u043d\u043d\u044f \u043c\u0430\u043b\u043e\u0433\u043e \u0442\u0430 \u0441\u0435\u0440\u0435\u0434\u043d\u044c\u043e\u0433\u043e \u0431\u0456\u0437\u043d\u0435\u0441\u0443 \u0432 \u0423\u043a\u0440\u0430\u0457\u043d\u0456.<\/td><td class=\"has-text-align-center\" data-align=\"center\">\u0423\u043a\u0440\u0430\u0457\u043d\u0430<\/td><\/tr><tr><td class=\"has-text-align-center\" data-align=\"center\">2008<\/td><td class=\"has-text-align-left translation-block\" data-align=\"left\">\u041c\u0438 \u043e\u0447\u043e\u043b\u0438\u043b\u0438 \u043a\u043e\u043c\u0430\u043d\u0434\u0443 \u043c\u0456\u0436\u043d\u0430\u0440\u043e\u0434\u043d\u0438\u0445 \u0435\u043a\u0441\u043f\u0435\u0440\u0442\u0456\u0432 Financial Access (\u041d\u0456\u0434\u0435\u0440\u043b\u0430\u043d\u0434\u0438) \u0442\u0430 \u0432\u0438\u043a\u043e\u043d\u0430\u043b\u0438 \u043f\u0440\u043e\u0454\u043a\u0442 \u0437\u0430 \u0444\u0456\u043d\u0430\u043d\u0441\u0443\u0432\u0430\u043d\u043d\u044f\u043c \u0404\u0411\u0420\u0420 <strong>\u00ab\u041f\u0440\u043e\u0433\u0440\u0430\u043c\u0430 \u0456\u043d\u0441\u0442\u0438\u0442\u0443\u0446\u0456\u0439\u043d\u043e\u0457 \u0440\u043e\u0437\u0431\u0443\u0434\u043e\u0432\u0438 \u0440\u043e\u0441\u0456\u0439\u0441\u044c\u043a\u0438\u0445 \u0440\u0435\u0433\u0456\u043e\u043d\u0430\u043b\u044c\u043d\u0438\u0445 \u0431\u0430\u043d\u043a\u0456\u0432\u00bb<\/strong> \u0434\u043b\u044f \u0431\u0430\u043d\u043a\u0443 \u00ab\u041a\u0430\u0437\u0430\u043d\u0441\u044c\u043a\u0438\u0439\u00bb, \u043e\u0434\u043d\u043e\u0433\u043e \u0437 \u043b\u0456\u0434\u0435\u0440\u0456\u0432 \u0431\u0430\u043d\u043a\u0456\u0432\u0441\u044c\u043a\u043e\u0433\u043e \u043e\u0431\u0441\u043b\u0443\u0433\u043e\u0432\u0443\u0432\u0430\u043d\u043d\u044f \u043c\u0430\u043b\u043e\u0433\u043e \u0442\u0430 \u0441\u0435\u0440\u0435\u0434\u043d\u044c\u043e\u0433\u043e \u0431\u0456\u0437\u043d\u0435\u0441\u0443 \u0432 \u0440\u0435\u0433\u0456\u043e\u043d\u0456.<\/td><td class=\"has-text-align-center\" data-align=\"center\">\u0420\u043e\u0441\u0456\u044f<\/td><\/tr><tr><td class=\"has-text-align-center\" data-align=\"center\">2004-2006<\/td><td class=\"has-text-align-left translation-block\" data-align=\"left\">\u041d\u0430\u0448\u0456 \u043a\u043e\u043d\u0441\u0443\u043b\u044c\u0442\u0430\u043d\u0442\u0438 \u0443 \u0441\u043a\u043b\u0430\u0434\u0456 \u043a\u043e\u043c\u0430\u043d\u0434\u0438 ING Institutional &amp; Government Advisory Services (\u041d\u0456\u0434\u0435\u0440\u043b\u0430\u043d\u0434\u0438) \u043d\u0430\u0434\u0430\u043b\u0438 \u0434\u043e\u043f\u043e\u043c\u043e\u0433\u0443 \u0434\u0435\u0441\u044f\u0442\u0438 \u0443\u043a\u0440\u0430\u0457\u043d\u0441\u044c\u043a\u0438\u043c \u0431\u0430\u043d\u043a\u0430\u043c \u0443 \u0440\u0430\u043c\u043a\u0430\u0445 \u041f\u0440\u043e\u0435\u043a\u0442\u0443 TACIS \u0437 <strong>\u0440\u0435\u0444\u043e\u0440\u043c\u0443\u0432\u0430\u043d\u043d\u044f \u0431\u0430\u043d\u043a\u0456\u0432\u0441\u044c\u043a\u043e\u0433\u043e \u0441\u0435\u043a\u0442\u043e\u0440\u0443<\/strong><\/td><td class=\"has-text-align-center\" data-align=\"center\">\u0423\u043a\u0440\u0430\u0457\u043d\u0430<\/td><\/tr><tr><td class=\"has-text-align-center\" data-align=\"center\">1999-2001<\/td><td class=\"has-text-align-left translation-block\" data-align=\"left\">\u041d\u0430\u0448\u0456 \u043a\u043e\u043d\u0441\u0443\u043b\u044c\u0442\u0430\u043d\u0442\u0438 \u0432 \u0441\u043a\u043b\u0430\u0434\u0456 \u043a\u043e\u043c\u0430\u043d\u0434\u0438 Booz Allen&amp;Hamilton (\u0421\u0428\u0410) \u0431\u0440\u0430\u043b\u0438 \u0443\u0447\u0430\u0441\u0442\u044c \u0443 \u041f\u0440\u043e\u0454\u043a\u0442\u0456 USAID \u0437 <strong>\u0440\u0435\u0441\u0442\u0440\u0443\u043a\u0442\u0443\u0440\u0438\u0437\u0430\u0446\u0456\u0457 \u043a\u043e\u043c\u0435\u0440\u0446\u0456\u0439\u043d\u0438\u0445 \u0431\u0430\u043d\u043a\u0456\u0432<\/strong> \u0434\u043b\u044f \u0434\u0440\u0443\u0433\u043e\u0433\u043e \u0437\u0430 \u0432\u0435\u043b\u0438\u0447\u0438\u043d\u043e\u044e \u0443\u043a\u0440\u0430\u0457\u043d\u0441\u044c\u043a\u043e\u0433\u043e \u0431\u0430\u043d\u043a\u0443 \u00ab\u0410\u0432\u0430\u043b\u044c\u00bb.<\/td><td class=\"has-text-align-center\" data-align=\"center\">\u0423\u043a\u0440\u0430\u0457\u043d\u0430<\/td><\/tr><\/tbody><\/table><\/figure>\n\n\n\n<p>\u042f\u043a\u0449\u043e \u0443 \u0432\u0430\u0441 \u0454 \u043f\u0438\u0442\u0430\u043d\u043d\u044f, \u0431\u0443\u0434\u044c \u043b\u0430\u0441\u043a\u0430, \u0437\u0432\u2019\u044f\u0436\u0456\u0442\u044c\u0441\u044f \u0437 \u043d\u0430\u043c\u0438 <a href=\"mailto:office@extra-consulting.net\">office@extra-consulting.net<\/a><\/p>","protected":false},"excerpt":{"rendered":"<p>2025 The Project on&nbsp;Validation of Rating Model for Small Companies&nbsp;for Ukrgasbank Ukraine 2025 The Project on Scoring Model Support for the Retail Segment for Eskhata Bank Tajikistan 2024 The Project [&hellip;]<\/p>","protected":false},"author":1,"featured_media":0,"parent":214,"menu_order":2,"comment_status":"closed","ping_status":"closed","template":"","meta":{"footnotes":""},"class_list":["post-82","page","type-page","status-publish","hentry"],"_links":{"self":[{"href":"https:\/\/extra-consulting.net\/uk\/wp-json\/wp\/v2\/pages\/82","targetHints":{"allow":["GET"]}}],"collection":[{"href":"https:\/\/extra-consulting.net\/uk\/wp-json\/wp\/v2\/pages"}],"about":[{"href":"https:\/\/extra-consulting.net\/uk\/wp-json\/wp\/v2\/types\/page"}],"author":[{"embeddable":true,"href":"https:\/\/extra-consulting.net\/uk\/wp-json\/wp\/v2\/users\/1"}],"replies":[{"embeddable":true,"href":"https:\/\/extra-consulting.net\/uk\/wp-json\/wp\/v2\/comments?post=82"}],"version-history":[{"count":39,"href":"https:\/\/extra-consulting.net\/uk\/wp-json\/wp\/v2\/pages\/82\/revisions"}],"predecessor-version":[{"id":1015,"href":"https:\/\/extra-consulting.net\/uk\/wp-json\/wp\/v2\/pages\/82\/revisions\/1015"}],"up":[{"embeddable":true,"href":"https:\/\/extra-consulting.net\/uk\/wp-json\/wp\/v2\/pages\/214"}],"wp:attachment":[{"href":"https:\/\/extra-consulting.net\/uk\/wp-json\/wp\/v2\/media?parent=82"}],"curies":[{"name":"wp","href":"https:\/\/api.w.org\/{rel}","templated":true}]}}